{"id":728,"date":"2020-05-26T16:46:42","date_gmt":"2020-05-26T21:46:42","guid":{"rendered":"https:\/\/educacioncristianaalternativa.wordpress.com\/?page_id=728"},"modified":"2020-05-26T16:46:42","modified_gmt":"2020-05-26T21:46:42","slug":"evaluacion-y-documentacion-de-aprendizajes-en-una-educacion-desescolarizada","status":"publish","type":"page","link":"https:\/\/homeschoolperu.com\/educacioncristianaalternativa\/evaluacion-y-documentacion-de-aprendizajes-en-una-educacion-desescolarizada\/","title":{"rendered":"Evaluaci\u00f3n y documentaci\u00f3n de aprendizajes en una educaci\u00f3n desescolarizada"},"content":{"rendered":"<p>Al educar a los ni\u00f1os en el hogar (\u00abhomeschooling\u00bb), la mejor forma consiste en adaptar las actividades a las inclinaciones y necesidades personales de cada ni\u00f1o. O sea, la familia no se somete a un curr\u00edculo normado o prefabricado. El curr\u00edculo se construye a partir de los intereses y necesidades de los ni\u00f1os, y a partir de los sucesos de la vida diaria. Como dijo un educador:<em><strong> \u00abEducar no es completar un curr\u00edculo; es completar una persona humana.\u00bb<\/strong><\/em><\/p>\n<p>Desde hace a\u00f1os, muchas familias educadoras est\u00e1n educando a sus hijos de esta manera, con resultados muy buenos. Actualmente (mayo de 2020), la necesidad de buenas propuestas para la educaci\u00f3n en casa es mayor, porque muchos pa\u00edses han cerrado sus escuelas. Eso es una carga adicional para muchas familias. Pero puede ser una oportunidad para familias y profesores, de explorar formas m\u00e1s libres y m\u00e1s creativas de educaci\u00f3n, sin sobrecargar a los ni\u00f1os como lo hace el sistema convencional. En el Per\u00fa por ejemplo, las orientaciones del ministerio de educaci\u00f3n expl\u00edcitamente <a href=\"https:\/\/educacioncristianaalternativa.wordpress.com\/2020\/05\/20\/a-las-familias-peruanas-el-ministerio-de-educacion-no-quiere-que-la-escuela-sobrecargue-a-sus-hijos\/\">promueven tales alternativas educativas<\/a>. Y seguramente algunas familias querr\u00e1n continuar de esta manera, aun despu\u00e9s de que la situaci\u00f3n de emergencia pase.<\/p>\n<p>Se levanta entonces la pregunta: \u00bf<em><strong>C\u00f3mo documentar, evaluar y calificar los aprendizajes de los ni\u00f1os<\/strong><\/em>?<\/p>\n<p>Si una escuela certifica los aprendizajes de alumnos \u00abdesescolarizados\u00bb y educados con una pedagog\u00eda libre, \u00bfc\u00f3mo pueden las familias comunicar sus logros a la escuela? &#8211; Y si una familia opta incluso por prescindir de una certificaci\u00f3n, \u00bfc\u00f3mo puede documentar que sus hijos est\u00e1n recibiendo educaci\u00f3n?<\/p>\n<p>A preguntas como \u00e9stas responde el documento que se puede descargar aqu\u00ed:<\/p>\n<p align=\"center\"><strong><a href=\"https:\/\/educacioncristianaalternativa.files.wordpress.com\/2020\/05\/evaluacion-de-aprendizaje-desescolarizado.pdf\">Evaluaci\u00f3n y documentaci\u00f3n de aprendizajes en una educaci\u00f3n desescolarizada<\/a><\/strong><\/p>\n<p>Se dirige a familias educadoras, y a escuelas interesadas en colaborar con familias educadoras y ofrecerles certificaci\u00f3n de los aprendizajes de sus hijos. Se da atenci\u00f3n particular a la compatibilidad de las sugerencias dadas, con el curr\u00edculo oficial del estado peruano.<\/p>\n","protected":false},"excerpt":{"rendered":"<p>Al educar a los ni\u00f1os en el hogar (\u00abhomeschooling\u00bb), la mejor forma consiste en adaptar las actividades a las inclinaciones y necesidades personales de cada ni\u00f1o. O sea, la familia no se somete a un curr\u00edculo normado o prefabricado. El curr\u00edculo se construye a partir de los intereses y necesidades de los ni\u00f1os, y a [&hellip;]<\/p>\n","protected":false},"author":4,"featured_media":0,"parent":0,"menu_order":0,"comment_status":"closed","ping_status":"closed","template":"","meta":{"footnotes":""},"class_list":["post-728","page","type-page","status-publish","hentry"],"_links":{"self":[{"href":"https:\/\/homeschoolperu.com\/educacioncristianaalternativa\/wp-json\/wp\/v2\/pages\/728","targetHints":{"allow":["GET"]}}],"collection":[{"href":"https:\/\/homeschoolperu.com\/educacioncristianaalternativa\/wp-json\/wp\/v2\/pages"}],"about":[{"href":"https:\/\/homeschoolperu.com\/educacioncristianaalternativa\/wp-json\/wp\/v2\/types\/page"}],"author":[{"embeddable":true,"href":"https:\/\/homeschoolperu.com\/educacioncristianaalternativa\/wp-json\/wp\/v2\/users\/4"}],"replies":[{"embeddable":true,"href":"https:\/\/homeschoolperu.com\/educacioncristianaalternativa\/wp-json\/wp\/v2\/comments?post=728"}],"version-history":[{"count":0,"href":"https:\/\/homeschoolperu.com\/educacioncristianaalternativa\/wp-json\/wp\/v2\/pages\/728\/revisions"}],"wp:attachment":[{"href":"https:\/\/homeschoolperu.com\/educacioncristianaalternativa\/wp-json\/wp\/v2\/media?parent=728"}],"curies":[{"name":"wp","href":"https:\/\/api.w.org\/{rel}","templated":true}]}}