{"id":511,"date":"2017-08-15T15:59:51","date_gmt":"2017-08-15T20:59:51","guid":{"rendered":"https:\/\/educacioncristianaalternativa.wordpress.com\/?page_id=511"},"modified":"2021-09-30T13:50:11","modified_gmt":"2021-09-30T13:50:11","slug":"libros-de-matematica-activa","status":"publish","type":"page","link":"https:\/\/homeschoolperu.com\/educacioncristianaalternativa\/libros-de-matematica-activa\/","title":{"rendered":"Libros de Matem\u00e1tica Activa"},"content":{"rendered":"<p><strong>Matem\u00e1tica Activa para familias educadoras y escuelas alternativas<\/strong><\/p>\n<p>Estos libros presentan de manera sistem\u00e1tica los m\u00e9todos de aprendizaje de matem\u00e1tica que desarroll\u00e9 poco a poco en nuestros programas de refuerzo escolar, en los <a href=\"https:\/\/educacioncristianaalternativa.wordpress.com\/curso-por-internet-matematica-activa-para-familias-educadoras\/\">cursos de Matem\u00e1tica Activa<\/a> por internet, y en la educaci\u00f3n de mis propios hijos. He incorporado elementos de diversos m\u00e9todos activos y alternativos, y los complement\u00e9 con ideas propias. As\u00ed result\u00f3 un material que es sistem\u00e1tico, y sin embargo no es un \u00ablibro escolar\u00bb, porque permite que cada familia y cada alumno construya su propio camino de aprendizaje.<\/p>\n<p>Los m\u00e9todos de la matem\u00e1tica activa se orientan en las necesidades y caracter\u00edsticas de los ni\u00f1os para un aprendizaje \u00f3ptimo: Actividades l\u00fadicas, movimiento f\u00edsico, la representaci\u00f3n de los principios matem\u00e1ticos mediante materiales concretos, la conexi\u00f3n con la vida cotidiana, y todo eso en un ambiente alentador sin estr\u00e9s.<\/p>\n<p>Estos m\u00e9todos son ideales para la educaci\u00f3n en el hogar (\u00abhomeschooling\u00bb) porque permiten adaptarse individualmente al desarrollo mental natural de cada ni\u00f1o. Usted no necesita conocimientos especiales en matem\u00e1tica; las explicaciones del libro le guiar\u00e1n paso por paso. Igualmente los alumnos y educadores de escuelas alternativas encontrar\u00e1n aqu\u00ed muchas ideas que enriquecer\u00e1n su pr\u00e1ctica.<\/p>\n<p>Las unidades de aprendizaje contienen ideas para el uso de materiales manipulables y juegos; actividades que se pueden realizar en conexi\u00f3n con la vida diaria; actividades escritas; desaf\u00edos de investigaci\u00f3n; pautas pedag\u00f3gicas para educadores; y explicaciones de los principios matem\u00e1ticos. Los libros de preescolar y primaria van acompa\u00f1ados con hojas de trabajo.<\/p>\n<p>Sum\u00e9rjase con sus ni\u00f1os en una aventura de aprendizaje que les permitir\u00e1 ver la matem\u00e1tica desde una perspectiva nueva.<\/p>\n<p><em>Para enviar sugerencias de mejoras, adiciones o correcciones a los libros, o para compartir sus experiencias al usarlos, o para recibir informaci\u00f3n acerca de realizar pedidos mayores a precios de descuento, use el formulario de comentarios abajo. Estos comentarios no ser\u00e1n publicados. Por favor introduzca su direcci\u00f3n de e-mail correctamente para que pueda recibir la respuesta.<\/em><\/p>\n<p><em>Vea tambi\u00e9n abajo el Aviso acerca de los posibles riesgos que pueden ser asociados con compras y env\u00edos por internet.<\/em><\/p>\n<p><strong>Informaci\u00f3n actualizada de c\u00f3mo conseguir los libros:<\/strong><\/p>\n<p>Para destinos en el <b>Per\u00fa<\/b>, se pueden hacer pedidos directamente al autor. Use el formulario de contacto al final de la p\u00e1gina.<\/p>\n<p>Igualmente p\u00f3ngase en contacto con el autor, si desde otro pa\u00eds desea realizar un pedido mayor con descuento (m\u00ednimo 15 libros).<\/p>\n<p>Para pedidos desde <b>Colombia<\/b>, cont\u00e1ctese con:<br \/>\n<img decoding=\"async\" src=\"https:\/\/homeschoolperu.com\/educacioncristianaalternativa\/wp-content\/uploads\/sites\/6\/2021\/01\/Colombia.gif\"><\/p>\n<p>Internacionalmente, los libros se pueden comprar por internet en las siguientes p\u00e1ginas:<\/p>\n<p><a href=\"https:\/\/www.amazon.com\/s\/url=search-alias%3Dstripbooks&amp;field-keywords=Hans+Ruegg+Matematica\"><em><strong>Amazon<\/strong><\/em><\/a><\/p>\n<p><a href=\"https:\/\/www.bookdepository.com\/search?searchTerm=Hans+Ruegg+Matematica&amp;search=Find+book\"><em><strong>Book Depository<\/strong><\/em><\/a><\/p>\n<p>&#8230;siempre tomando en cuenta las precauciones necesarias al hacer compras por internet (vea las notas m\u00e1s abajo).<\/p>\n<p>Las diferencias entre los dos proveedores son las siguientes:<\/p>\n<p><em><strong>Amazon<\/strong><\/em> suele enviar los libros con servicios privados de Courier (UPS, DHL, &#8230;). En algunos pa\u00edses eso funciona; pero hay pa\u00edses donde la recepci\u00f3n de un env\u00edo por Courier es problem\u00e1tico, o genera sobrecostos exorbitantes para el destinatario. (Vea las notas m\u00e1s abajo.) Recomiendo averiguar bien la situaci\u00f3n al respecto en su pa\u00eds, antes de hacer un pedido con Amazon.<\/p>\n<p><em><strong>Book Depository<\/strong><\/em> env\u00eda los libros mediante el sistema de correos normal, lo cual normalmente no genera sobrecostos para el destinatario, pero puede durar m\u00e1s tiempo. &#8211; En Book Depository, los precios son m\u00e1s elevados porque incluyen el costo del env\u00edo, mientras Amazon cobra los gastos del env\u00edo por separado, adicionalmente al costo de los libros.<\/p>\n<table cellpadding=\"8\" border=\"0\">\n<tbody>\n<tr>\n<td>&nbsp;<a href=\"https:\/\/www.amazon.com\/Matem\u00e1tica-familias-educadoras-escuelas-alternativas\/dp\/1546397345\"><img loading=\"lazy\" decoding=\"async\" class=\"aligncenter size-full wp-image-513\" src=\"https:\/\/educacioncristianaalternativa.files.wordpress.com\/2017\/08\/librogr-caratula-v1-small.jpg\" alt=\"\" width=\"183\" height=\"239\"><\/a><\/td>\n<td>El tomo de <strong>Pre-Matem\u00e1tica<\/strong> introduce a los ni\u00f1os preescolares en los conceptos b\u00e1sicos de la matem\u00e1tica, como son: El orden, las relaciones, el espacio, los n\u00fameros.<br \/>\nCon hojas de trabajo inclu\u00eddos.100 p\u00e1ginas, formato grande.<\/p>\n<p><a href=\"https:\/\/educacioncristianaalternativa.files.wordpress.com\/2017\/10\/pre-matematica-muestra.pdf\"><em><strong>Descargar una muestra del contenido<\/strong><\/em><\/a><\/p>\n<p><em><strong><a href=\"https:\/\/www.amazon.com\/Matem\u00e1tica-familias-educadoras-escuelas-alternativas\/dp\/1546397345\">Comprar en Amazon (Am\u00e9ricas)<\/a><br \/>\n<\/strong><\/em><\/p>\n<p><a href=\"https:\/\/www.amazon.es\/Matem\u00e1tica-familias-educadoras-escuelas-alternativas\/dp\/1546397345\"><em><strong>Comprar en Amazon (Europa)<\/strong><\/em><\/a><\/p>\n<p><a href=\"https:\/\/www.bookdepository.com\/es\/Matematica-activa-para-familias-educadoras-y-escuelas-alternativas-Hans-Ruegg\/9781546397342\"><i><b>Comprar en Book Depository<\/b><\/i><\/a><\/td>\n<\/tr>\n<tr>\n<td><a href=\"https:\/\/www.amazon.com\/Matem\u00e1tica-familias-educadoras-escuelas-alternativas\/dp\/1548987387\"><img loading=\"lazy\" decoding=\"async\" class=\"aligncenter size-full wp-image-514\" src=\"https:\/\/educacioncristianaalternativa.files.wordpress.com\/2017\/08\/librogr-caratula-v2-small.jpg\" alt=\"\" width=\"183\" height=\"239\"><\/a><\/td>\n<td>El tomo de <strong>Primaria I<\/strong>, para ni\u00f1os de 6 a 9 a\u00f1os aproximadamente, cubre las cuatro operaciones b\u00e1sicas (adici\u00f3n, sustracci\u00f3n, multiplicaci\u00f3n, divisi\u00f3n); unidades de medida; conceptos b\u00e1sicos de la geometr\u00eda y de la teor\u00eda de conjuntos; diversas habilidades de razonamiento que se entrenan mediante juegos de estrategia y rompecabezas de matem\u00e1tica recreativa; y otros temas.<\/p>\n<p><em><strong>Abarca tres a\u00f1os escolares.<\/strong><\/em><\/p>\n<p>280 p\u00e1ginas, formato grande.<\/p>\n<p><a href=\"https:\/\/educacioncristianaalternativa.files.wordpress.com\/2017\/10\/primaria1-muestra.pdf\"><em><strong>Descargar una muestra del contenido<\/strong><\/em><\/a><\/p>\n<p><em><strong><a href=\"https:\/\/www.amazon.com\/Matem\u00e1tica-familias-educadoras-escuelas-alternativas\/dp\/1548987387\">Comprar en Amazon (Am\u00e9ricas)<\/a><br \/>\n<\/strong><\/em><\/p>\n<p><a href=\"https:\/\/www.amazon.es\/Matem\u00e1tica-familias-educadoras-escuelas-alternativas\/dp\/1548987387\"><em><strong>Comprar en Amazon (Europa)<\/strong><\/em><\/a><\/p>\n<p><a href=\"https:\/\/www.bookdepository.com\/es\/Matematica-activa-para-familias-educadoras-y-escuelas-alternativas-Hans-Ruegg\/9781548987381\"><i><b>Comprar en Book Depository<\/b><\/i><\/a><\/p>\n<p><a href=\"https:\/\/homeschoolperu.com\/educacioncristianaalternativa\/wp-content\/uploads\/sites\/6\/2021\/09\/Prim1-FeDeErratas.pdf\"><em><strong>Fe de erratas<\/strong><\/em><\/a> (Correcci\u00f3n de algunos errores en las ediciones actuales) &#8211; Actualizada Septiembre 2021<\/td>\n<\/tr>\n<tr>\n<td><a href=\"https:\/\/www.amazon.com\/Matem\u00e1tica-familias-educadoras-escuelas-alternativas\/dp\/154898745X\"><img loading=\"lazy\" decoding=\"async\" class=\"aligncenter size-full wp-image-515\" src=\"https:\/\/educacioncristianaalternativa.files.wordpress.com\/2017\/08\/librogr-caratula-v2w-small.jpg\" alt=\"\" width=\"183\" height=\"239\"><\/a><\/td>\n<td>Este tomo contiene las <strong>hojas de trabajo<\/strong> que acompa\u00f1an al tomo de Primaria I.<\/p>\n<p>236 p\u00e1ginas, formato grande.<\/p>\n<p><a href=\"https:\/\/educacioncristianaalternativa.files.wordpress.com\/2017\/10\/primaria1-libro-de-trabajo-muestra.pdf\"><em><strong>Descargar una muestra del contenido<\/strong><\/em><\/a><\/p>\n<p><em><strong><a href=\"https:\/\/www.amazon.com\/Matem\u00e1tica-familias-educadoras-escuelas-alternativas\/dp\/154898745X\">Comprar en Amazon (Am\u00e9ricas)<\/a><br \/>\n<\/strong><\/em><\/p>\n<p><a href=\"https:\/\/www.amazon.es\/Matem\u00e1tica-familias-educadoras-escuelas-alternativas\/dp\/154898745X\"><em><strong>Comprar en Amazon (Europa)<\/strong><\/em><\/a><\/p>\n<p><a href=\"https:\/\/www.bookdepository.com\/es\/Matematica-Activa-Para-Familias-Educadoras-y-Escuelas-Alternativas-Hans-Ruegg\/9781548987459\"><i><b>Comprar en Book Depository<\/b><\/i><\/a><\/p>\n<p><a href=\"https:\/\/homeschoolperu.com\/educacioncristianaalternativa\/wp-content\/uploads\/sites\/6\/2021\/09\/Prim1-Hoja24-1-corregida.pdf\">Hoja de trabajo 24.1 corregida<\/a><\/td>\n<\/tr>\n<tr>\n<td><a href=\"https:\/\/educacioncristianaalternativa.files.wordpress.com\/2017\/08\/librogr-caratula-v3-small.jpg\"><img loading=\"lazy\" decoding=\"async\" class=\"aligncenter size-full wp-image-516\" src=\"https:\/\/educacioncristianaalternativa.files.wordpress.com\/2017\/08\/librogr-caratula-v3-small.jpg\" alt=\"\" width=\"183\" height=\"239\"><\/a><\/td>\n<td>El tomo de <strong>Primaria II<\/strong>, para ni\u00f1os de 9 a 12 a\u00f1os aproximadamente, cubre las cuatro operaciones b\u00e1sicas con n\u00fameros grandes, con fracciones y con n\u00fameros decimales; los conceptos de m\u00faltiplos y divisores; construcciones geom\u00e9tricas en el contexto de proyectos pr\u00e1cticos; c\u00e1lculos con unidades de medida; conceptos de la teor\u00eda de conjuntos; diversas habilidades de razonamiento que se entrenan mediante juegos de estrategia, rompecabezas de matem\u00e1tica recreativa, y desaf\u00edos de investigaci\u00f3n matem\u00e1tica; y otros temas.<\/p>\n<p>Algunas unidades de aprendizaje relacionan la matem\u00e1tica con otros campos, tales como m\u00fasica, arquitectura, topograf\u00eda, meteorolog\u00eda, astronom\u00eda, y otros.<\/p>\n<p><em><strong>Abarca tres a\u00f1os escolares.<\/strong><\/em><\/p>\n<p>Parte A (Aritm\u00e9tica): 320 p\u00e1ginas, formato grande.<\/p>\n<p><a href=\"https:\/\/educacioncristianaalternativa.files.wordpress.com\/2018\/06\/matematica-activa-primaria2-parte-a-muestra.pdf\"><em><strong>Descargar una muestra del contenido<\/strong><\/em><\/a><\/p>\n<p><em><strong><a href=\"https:\/\/www.amazon.com\/Matem%C3%A1tica-familias-educadoras-escuelas-alternativas\/dp\/1719090866\/\">Comprar en Amazon (Am\u00e9ricas)<\/a><br \/>\n<\/strong><\/em><\/p>\n<p><a href=\"https:\/\/www.amazon.es\/Matem%C3%A1tica-familias-educadoras-escuelas-alternativas\/dp\/1719090866\"><em><strong>Comprar en Amazon (Europa)<\/strong><\/em><\/a><\/p>\n<p><a href=\"https:\/\/www.bookdepository.com\/es\/Matem-tica-Activa-Para-Familias-Educadoras-Y-Escuelas-Alternativas-Hans-Ruegg\/9781719090865\"><i><b>Comprar en Book Depository<\/b><\/i><\/a><\/p>\n<p>Parte B (Geometr\u00eda, Razonamiento, y temas adicionales): 272 p\u00e1ginas, formato grande.<\/p>\n<p><a href=\"https:\/\/educacioncristianaalternativa.files.wordpress.com\/2018\/06\/matematica-activa-primaria2-parte-b-muestra.pdf\"><em><strong>Descargar una muestra del contenido<\/strong><\/em><\/a><\/p>\n<p><em><strong><a href=\"https:\/\/www.amazon.com\/Matem%C3%A1tica-familias-educadoras-escuelas-alternativas\/dp\/1719091250\">Comprar en Amazon (Am\u00e9ricas)<\/a><br \/>\n<\/strong><\/em><\/p>\n<p><a href=\"https:\/\/www.amazon.es\/Matem\u00e1tica-familias-educadoras-escuelas-alternativas\/dp\/1719091250\"><em><strong>Comprar en Amazon (Europa)<\/strong><\/em><\/a><\/p>\n<p><a href=\"https:\/\/www.bookdepository.com\/es\/Matematica-Activa-para-familias-educadoras-y-escuelas-alternativas-Hans-Ruegg\/9781719091251\"><i><b>Comprar en Book Depository<\/b><\/i><\/a><\/td>\n<\/tr>\n<tr>\n<td><a href=\"https:\/\/educacioncristianaalternativa.files.wordpress.com\/2017\/08\/librogr-caratula-v3w-small.jpg\"><img loading=\"lazy\" decoding=\"async\" class=\"aligncenter size-full wp-image-517\" src=\"https:\/\/educacioncristianaalternativa.files.wordpress.com\/2017\/08\/librogr-caratula-v3w-small.jpg\" alt=\"\" width=\"183\" height=\"239\"><\/a><\/td>\n<td>Este tomo contiene las <strong>hojas de trabajo<\/strong> que acompa\u00f1an al tomo de Primaria II.<\/p>\n<p>204 p\u00e1ginas, formato grande.<\/p>\n<p><a href=\"https:\/\/educacioncristianaalternativa.files.wordpress.com\/2018\/06\/matematica-activa-primaria2-libro-de-trabajo-muestra.pdf\"><em><strong>Descargar una muestra del contenido<\/strong><\/em><\/a><\/p>\n<p><em><strong><a href=\"https:\/\/www.amazon.com\/Matem%C3%A1tica-familias-educadoras-escuelas-alternativas\/dp\/1719013624\">Comprar en Amazon (Am\u00e9ricas)<\/a><br \/>\n<\/strong><\/em><\/p>\n<p><a href=\"https:\/\/www.amazon.es\/Matem\u00e1tica-familias-educadoras-escuelas-alternativas\/dp\/1719013624\"><em><strong>Comprar en Amazon (Europa)<\/strong><\/em><\/a><\/p>\n<p><a href=\"https:\/\/www.bookdepository.com\/es\/Matematica-Activa-para-familias-educadoras-y-escuelas-alternativas-Hans-Ruegg\/9781719013628\"><i><b>Comprar en Book Depository<\/b><\/i><\/a><\/p>\n<p><a href=\"https:\/\/homeschoolperu.com\/educacioncristianaalternativa\/wp-content\/uploads\/sites\/6\/2021\/09\/Prim2-Hoja93-2-corregida.pdf\">Hoja de trabajo 93.2 corregida<\/a><\/td>\n<\/tr>\n<tr>\n<td><a href=\"https:\/\/homeschoolperu.com\/educacioncristianaalternativa\/wp-content\/uploads\/sites\/6\/2021\/01\/Sec1-Muestra.pdf\"><img loading=\"lazy\" decoding=\"async\" class=\"aligncenter size-full wp-image-518\" src=\"https:\/\/homeschoolperu.com\/educacioncristianaalternativa\/wp-content\/uploads\/sites\/6\/2021\/01\/caratula-V4-small.jpg\" alt=\"\" width=\"183\" height=\"239\"><\/a><\/td>\n<td>El tomo de <strong>Secundaria I<\/strong>, para<br \/>\nalumnos de 12 a 15 a\u00f1os aproximadamente, cubre<br \/>\noperaciones con n\u00fameros negativos; potencias y ra\u00edces<br \/>\ncon sus propiedades; expresiones algebraicas, ecuaciones<br \/>\ne inecuaciones, funciones lineales y cuadr\u00e1ticas;<br \/>\nteor\u00eda de conjuntos; teor\u00eda de n\u00fameros; probabilidades<br \/>\ny combinatoria; la geometr\u00eda plana y del espacio;<br \/>\nrazonamiento e investigaci\u00f3n matem\u00e1tica aplicados a<br \/>\ndiversas situaciones; y otros temas.<br \/>\nAlgunos cap\u00edtulos relacionan la matem\u00e1tica con otros<br \/>\ncampos del saber, tales como el arte; la arquitectura y<br \/>\nel dibujo t\u00e9cnico; la historia; la programaci\u00f3n de<br \/>\ncomputadoras; y otros.<\/p>\n<p><em><strong>Abarca tres a\u00f1os<br \/>\nescolares.<\/strong><\/em><\/p>\n<p>556 p\u00e1ginas, formato grande.<\/p>\n<p><a href=\"https:\/\/www.amazon.com\/dp\/B08NWSXG2G\"><em><strong>Comprar<br \/>\nen Amazon<\/strong><\/em><\/a><\/p>\n<p><a href=\"https:\/\/homeschoolperu.com\/educacioncristianaalternativa\/wp-content\/uploads\/sites\/6\/2021\/01\/Sec1-Muestra.pdf\"><em><strong>Descargar<br \/>\nuna muestra del contenido<\/strong><\/em><\/a><\/td>\n<\/tr>\n<tr>\n<td><a href=\"https:\/\/educacioncristianaalternativa.files.wordpress.com\/2017\/08\/librogr-caratula-v5-small.jpg\"><img loading=\"lazy\" decoding=\"async\" class=\"aligncenter size-full wp-image-512\" src=\"https:\/\/educacioncristianaalternativa.files.wordpress.com\/2017\/08\/librogr-caratula-v5-small.jpg\" alt=\"\" width=\"183\" height=\"239\"><\/a><\/td>\n<td width=\"80%\">El tomo de <strong>Secundaria II<\/strong> es en primer lugar para j\u00f3venes que est\u00e1n considerando postular a una universidad, o que necesitan completar sus conocimientos para poder demostrar una educaci\u00f3n secundaria completa.<br \/>\nAbarca temas como los siguientes: Progresiones aritm\u00e9ticas y geom\u00e9tricas; la ley del binomio y sus aplicaciones; combinatoria y probabilidades; funciones exponenciales y logaritmos; trigonometr\u00eda; conceptos fundamentales de las secciones c\u00f3nicas, de los n\u00fameros complejos y de la geometr\u00eda vectorial; y otros.<span style=\"color:#cc3306\"><em><strong>En preparaci\u00f3n<\/strong><\/em><\/span><\/td>\n<\/tr>\n<tr>\n<td><strong><a href=\"https:\/\/homeschoolperu.com\/educacioncristianaalternativa\/wp-content\/uploads\/sites\/6\/2018\/07\/mat-divina.jpg\"><img loading=\"lazy\" decoding=\"async\" class=\"aligncenter wp-image-604 size-medium\" src=\"https:\/\/homeschoolperu.com\/educacioncristianaalternativa\/wp-content\/uploads\/sites\/6\/2018\/07\/mat-divina.jpg?w=200\" alt=\"\" width=\"200\" height=\"300\" srcset=\"https:\/\/homeschoolperu.com\/educacioncristianaalternativa\/wp-content\/uploads\/sites\/6\/2018\/07\/mat-divina.jpg 333w, https:\/\/homeschoolperu.com\/educacioncristianaalternativa\/wp-content\/uploads\/sites\/6\/2018\/07\/mat-divina-200x300.jpg 200w\" sizes=\"auto, (max-width: 200px) 100vw, 200px\" \/><\/a><\/strong><\/td>\n<td>Tomo complementario para padres y educadores, que presenta una perspectiva espiritual cristiana de la matem\u00e1tica.<\/p>\n<p>152 p\u00e1ginas<\/p>\n<p><a href=\"https:\/\/educacioncristianaalternativa.files.wordpress.com\/2018\/06\/matematia-divina-muestra.pdf\"><em><strong>Descargar una muestra del contenido<\/strong><\/em><\/a><\/p>\n<p><em><strong><a href=\"https:\/\/www.amazon.com\/Matem%C3%A1tica-Divina-Spanish-Hans-Ruegg\/dp\/171901499X\">Comprar en Amazon (Am\u00e9ricas)<\/a><br \/>\n<\/strong><\/em><\/p>\n<p><a href=\"https:\/\/www.amazon.es\/Matem\u00e1tica-Divina-Spanish-Hans-Ruegg\/dp\/171901499X\"><em><strong>Comprar en Amazon (Europa)<\/strong><\/em><\/a><\/p>\n<p><a href=\"https:\/\/www.bookdepository.com\/es\/Matem-tica-Divina-Hans-Ruegg\/9781719014991\"><i><b>Comprar en Book Depository<\/b><\/i><\/a><\/td>\n<\/tr>\n<\/tbody>\n<\/table>\n<table cellpadding=\"10\" border=\"0\" bgcolor=\"#FFC4C8\">\n<tbody>\n<tr>\n<td>\n<p align=\"center\"><strong>AVISO ACERCA DE POSIBLES RIESGOS<br \/>\nASOCIADOS CON PEDIDOS INTERNACIONALES POR INTERNET<\/strong><\/p>\n<p>Me siento obligado a informar a todos los interesados acerca de ciertos riesgos que pueden generarse al realizar pedidos y compras por internet:<\/p>\n<p><em><strong>Fraude de tarjeta de cr\u00e9dito:<\/strong><\/em><br \/>\nSi su n\u00famero de tarjeta de cr\u00e9dito, junto con otros datos personales, llega a manos de personas no autorizadas, podr\u00edan usarlo para realizar cargos fraudulentos.<br \/>\nLas empresas grandes y conocidas (tales como Amazon) normalmente implementan fuertes medidas de seguridad para evitar eso; igualmente las empresas emisoras de tarjetas de cr\u00e9dito trabajan para mejorar la seguridad. Sin embargo, puede seguir existiendo un riesgo en el caso de proveedores desconocidos y poco confiables. De todos modos, comunique su n\u00famero de tarjeta de cr\u00e9dito \u00fanicamente mediante formularios de compra seguros y cifrados; <em><strong>nunca por correo electr\u00f3nico.<\/strong><\/em><br \/>\nMuchos fraudes se realizan por la modalidad del \u00abphishing\u00bb: Se env\u00eda un e-mail falso que pretende ser de una empresa, solicitando comunicar el n\u00famero de tarjeta de cr\u00e9dito, palabras claves, o datos personales; o que contiene un enlace a una p\u00e1gina web falsa con un formulario donde se solicita ingresar esos datos. Nunca haga caso a esta clase de correos.<\/p>\n<p><em><strong>P\u00e9rdida:<\/strong><\/em><br \/>\nDesafortunadamente, los servicios postales de Estados Unidos no ofrecen la opci\u00f3n de registrar o certificar los env\u00edos, excepto los que se env\u00edan con un servicio prioritario. Por tanto no existe la posibilidad de hacerles un seguimiento, ni de realizar un reclamo eficaz cuando se pierden. Entonces, la seguridad de la entrega depende enteramente de la calidad del servicio postal de su pa\u00eds.<br \/>\nAqu\u00ed en el Per\u00fa tengo la impresi\u00f3n de que este riesgo no es muy elevado, pero existe. Debo haber recibido ya cerca de cien encomiendas por correo (mayormente regalos, pero tambi\u00e9n unos pedidos comerciales); de esos se perdieron dos, ambos durante un per\u00edodo de huelga de los empleados de correos. Para evaluar mejor este riesgo, averig\u00fce acerca de la calidad de este servicio en su pa\u00eds.<br \/>\nHasta donde tengo conocimiento, Amazon tiene una pol\u00edtica generosa de reembolso en estos casos: suelen enviar un remplazo gratuito por la encomienda perdida, as\u00ed que la \u00fanica p\u00e9rdida efectiva consiste en el tiempo de espera. (Al realizar un pedido, f\u00edjese en la fecha probable de entrega. Puede durar hasta dos meses.)<\/p>\n<p><em><strong>Sobrecostos imprevistos y abusivos:<\/strong><\/em><br \/>\nEste problema no suele ocurrir con los env\u00edos por correo, pero es una pr\u00e1ctica generalizada en los env\u00edos mediante servicios privados de \u00abcourier\u00bb. Aunque el env\u00edo ya est\u00e9 pagado, estos servicios suelen cobrar del <em>destinatario<\/em> unas cuotas excesivas por \u00abservicio de desaduanaje\u00bb, \u00abalmac\u00e9n\u00bb, y otras m\u00e1s.<br \/>\nDesde lejos la m\u00e1s abusiva de estas empresas es UPS (United Parcel Service). Los sobrecargos que cobra esta empresa del destinatario, <em>suelen sobrepasar el valor entero de la encomienda y del env\u00edo juntos.<\/em> Adem\u00e1s tienen una pol\u00edtica de informaci\u00f3n muy poco transparente: se niegan a informar al usuario anticipadamente acerca de la naturaleza exacta y los costos completos de los servicios; y a menudo se niegan a atender reclamos. Y ni siquiera transportan la encomienda a su destino hasta que uno haya pagado sus cuotas; en cambio cobran por \u00abalmac\u00e9n\u00bb (un cargo no documentado en ninguna parte) mientras esperan el pago. Seg\u00fan su sitio web oficial, UPS puede cobrar tambi\u00e9n por \u00abgasolina\u00bb, \u00abmanejo adicional\u00bb, env\u00edo a provincias (si es fuera del centro de la capital, o quiz\u00e1s unas cuantas otras ciudades mayores), y otros. Testimonios de usuarios pueden encontrarse aqu\u00ed: <a href=\"https:\/\/www.reclamos.cl\/empresa\/ups\">1<\/a>, <a href=\"https:\/\/www.forosperu.net\/temas\/abuso-de-ups-peru-courier.592736\/\">2<\/a>, <a href=\"http:\/\/experienciadereclamos.blogspot.com\/2013\/11\/cobro-absurdo-y-abusivo-de-ups-peru.html\">3<\/a>, <a href=\"https:\/\/www.reclameaqui.com.br\/empresa\/ups-do-brasil\/\">4<\/a>, <a href=\"https:\/\/www.guitarristas.info\/foros\/problema-ups\/18464\">5<\/a>, <a href=\"https:\/\/www.peruhardware.net\/temas\/ups-me-cobra-excesivamente-que-puedo-hacer.261256\/\">6<\/a>, <a href=\"https:\/\/www.forosperu.net\/temas\/cobro-de-almacenaje-por-importacion-con-ups.974773\/\">7<\/a>, <a href=\"http:\/\/www.expatperu.com\/expatforums\/viewtopic.php?t=29048\">8<\/a>, <a href=\"https:\/\/www.forosperu.net\/temas\/ups-ayuda.907332\/\">9<\/a>.<br \/>\nProblemas similares se reportaron con <a href=\"https:\/\/www.forosperu.net\/temas\/son-validos-los-cobros-de-dhl-fedex-ups-tnt-o-son-ilegales.628755\/\">DHL<\/a>.<br \/>\nDesafortunadamente, al momento de hacer un pedido, Amazon no permite especificar la empresa por la cual se debe realizar el env\u00edo. Al escoger la opci\u00f3n m\u00e1s econ\u00f3mica (\u00abStandard\u00bb) es m\u00e1s probable que usen el servicio de correos normal; pero no existe ninguna garant\u00eda de ello. Aun si se especifica como direcci\u00f3n una oficina de correos o un apartado postal, eso no asegura que el env\u00edo sea realmente por correo normal. Quiz\u00e1s ser\u00e1 necesario que Amazon reciba muchos correos de sus clientes, solicitando que les dejen escoger el m\u00e9todo de env\u00edo, para que ellos cambien su pol\u00edtica en este respecto.<\/td>\n<\/tr>\n<\/tbody>\n<\/table>\n<p><span style=\"font-size:small\"><i>Esta p\u00e1gina es un aviso publicitario del autor del blog. Como autor de los libros ofrecidos, obtengo ganancia de las ventas.<\/i><\/span><\/p>\n<p>Contacto<\/p>\n<p>[contact-form][contact-field label=&#8217;Name&#8217; type=&#8217;name&#8217; required=&#8217;1&#8217;\/][contact-field label=&#8217;Email&#8217; type=&#8217;email&#8217; required=&#8217;1&#8217;\/][contact-field label=&#8217;Website&#8217; type=&#8217;url&#8217;\/][contact-field label=&#8217;Comment&#8217; type=&#8217;textarea&#8217; required=&#8217;1&#8217;\/][\/contact-form]<\/p>\n<p><a name=\"#Ayuda\"><\/a><\/p>\n","protected":false},"excerpt":{"rendered":"<p>Matem\u00e1tica Activa para familias educadoras y escuelas alternativas Estos libros presentan de manera sistem\u00e1tica los m\u00e9todos de aprendizaje de matem\u00e1tica que desarroll\u00e9 poco a poco en nuestros programas de refuerzo escolar, en los cursos de Matem\u00e1tica Activa por internet, y en la educaci\u00f3n de mis propios hijos. He incorporado elementos de diversos m\u00e9todos activos y [&hellip;]<\/p>\n","protected":false},"author":4,"featured_media":0,"parent":0,"menu_order":0,"comment_status":"closed","ping_status":"closed","template":"","meta":{"footnotes":""},"class_list":["post-511","page","type-page","status-publish","hentry"],"_links":{"self":[{"href":"https:\/\/homeschoolperu.com\/educacioncristianaalternativa\/wp-json\/wp\/v2\/pages\/511","targetHints":{"allow":["GET"]}}],"collection":[{"href":"https:\/\/homeschoolperu.com\/educacioncristianaalternativa\/wp-json\/wp\/v2\/pages"}],"about":[{"href":"https:\/\/homeschoolperu.com\/educacioncristianaalternativa\/wp-json\/wp\/v2\/types\/page"}],"author":[{"embeddable":true,"href":"https:\/\/homeschoolperu.com\/educacioncristianaalternativa\/wp-json\/wp\/v2\/users\/4"}],"replies":[{"embeddable":true,"href":"https:\/\/homeschoolperu.com\/educacioncristianaalternativa\/wp-json\/wp\/v2\/comments?post=511"}],"version-history":[{"count":2,"href":"https:\/\/homeschoolperu.com\/educacioncristianaalternativa\/wp-json\/wp\/v2\/pages\/511\/revisions"}],"predecessor-version":[{"id":819,"href":"https:\/\/homeschoolperu.com\/educacioncristianaalternativa\/wp-json\/wp\/v2\/pages\/511\/revisions\/819"}],"wp:attachment":[{"href":"https:\/\/homeschoolperu.com\/educacioncristianaalternativa\/wp-json\/wp\/v2\/media?parent=511"}],"curies":[{"name":"wp","href":"https:\/\/api.w.org\/{rel}","templated":true}]}}