{"id":475,"date":"2016-09-19T14:38:56","date_gmt":"2016-09-19T19:38:56","guid":{"rendered":"https:\/\/educacioncristianaalternativa.wordpress.com\/?page_id=475"},"modified":"2016-09-19T14:38:56","modified_gmt":"2016-09-19T19:38:56","slug":"acerca-de-mi-contacto","status":"publish","type":"page","link":"https:\/\/homeschoolperu.com\/educacioncristianaalternativa\/acerca-de-mi-contacto\/","title":{"rendered":"Acerca de m\u00ed \/ Contacto"},"content":{"rendered":"<p>Vivo en el Per\u00fa. Soy padre de dos hijos a quienes junto con mi esposa educamos en casa durante todo su tiempo escolar. Adem\u00e1s soy te\u00f3logo, educador cristiano, y he trabajado ense\u00f1ando los temas m\u00e1s diversos y desarrollando alternativas educativas. Pero m\u00e1s que todo soy un disc\u00edpulo de Jesucristo, esforz\u00e1ndome por seguir Su palabra aun en contra de todas las tradiciones de las iglesias y de la sociedad.<\/p>\n<p>Hans Ruegg<\/p>\n<p><em>Si desea enviarme un mensaje personal, use el formulario de comentarios abajo. Los comentarios a esta p\u00e1gina no ser\u00e1n publicados.<\/em><\/p>\n","protected":false},"excerpt":{"rendered":"<p>Vivo en el Per\u00fa. Soy padre de dos hijos a quienes junto con mi esposa educamos en casa durante todo su tiempo escolar. Adem\u00e1s soy te\u00f3logo, educador cristiano, y he trabajado ense\u00f1ando los temas m\u00e1s diversos y desarrollando alternativas educativas. Pero m\u00e1s que todo soy un disc\u00edpulo de Jesucristo, esforz\u00e1ndome por seguir Su palabra aun [&hellip;]<\/p>\n","protected":false},"author":4,"featured_media":0,"parent":0,"menu_order":5,"comment_status":"closed","ping_status":"closed","template":"","meta":{"footnotes":""},"class_list":["post-475","page","type-page","status-publish","hentry"],"_links":{"self":[{"href":"https:\/\/homeschoolperu.com\/educacioncristianaalternativa\/wp-json\/wp\/v2\/pages\/475","targetHints":{"allow":["GET"]}}],"collection":[{"href":"https:\/\/homeschoolperu.com\/educacioncristianaalternativa\/wp-json\/wp\/v2\/pages"}],"about":[{"href":"https:\/\/homeschoolperu.com\/educacioncristianaalternativa\/wp-json\/wp\/v2\/types\/page"}],"author":[{"embeddable":true,"href":"https:\/\/homeschoolperu.com\/educacioncristianaalternativa\/wp-json\/wp\/v2\/users\/4"}],"replies":[{"embeddable":true,"href":"https:\/\/homeschoolperu.com\/educacioncristianaalternativa\/wp-json\/wp\/v2\/comments?post=475"}],"version-history":[{"count":0,"href":"https:\/\/homeschoolperu.com\/educacioncristianaalternativa\/wp-json\/wp\/v2\/pages\/475\/revisions"}],"wp:attachment":[{"href":"https:\/\/homeschoolperu.com\/educacioncristianaalternativa\/wp-json\/wp\/v2\/media?parent=475"}],"curies":[{"name":"wp","href":"https:\/\/api.w.org\/{rel}","templated":true}]}}