{"id":238,"date":"2013-08-17T09:46:36","date_gmt":"2013-08-17T14:46:36","guid":{"rendered":"http:\/\/educacioncristianaalternativa.wordpress.com\/?page_id=238"},"modified":"2013-08-17T09:46:36","modified_gmt":"2013-08-17T14:46:36","slug":"el-concepto-biblico-de-la-familia-y-sus-implicaciones-para-la-iglesia-y-la-escuela","status":"publish","type":"page","link":"https:\/\/homeschoolperu.com\/educacioncristianaalternativa\/el-concepto-biblico-de-la-familia-y-sus-implicaciones-para-la-iglesia-y-la-escuela\/","title":{"rendered":"El concepto b\u00edblico de la familia, y sus implicaciones para la iglesia y la escuela"},"content":{"rendered":"<p><em><strong>Un llamado a la conciencia de todos los que se llaman cristianos.<\/strong><\/em><\/p>\n<p><em>La familia<\/em> ocupa un lugar central en el plan de Dios. La instituci\u00f3n divina de la familia es la clave para entender la voluntad de Dios en cuanto a la educaci\u00f3n, la estructura b\u00edblica de la iglesia, y la estructura de la sociedad en general.<\/p>\n<p>La iglesia del Nuevo Testamento estaba bien consciente de este rol central de la familia. Sin embargo, durante su historia posterior y hasta hoy, la iglesia se olvid\u00f3 de la importancia de la familia. Por tanto, la iglesia adopt\u00f3 los modelos del mundo incr\u00e9dulo en cuanto a su estructura y organizaci\u00f3n, y en cuanto a su sistema educativo. Como resultado, la mayor\u00eda de los cristianos actuales viven en estructuras contrarias a la palabra de Dios. Y esto a su vez impide un desarrollo adecuado de su vida espiritual.<\/p>\n<p>Descargue aqu\u00ed este escrito:<\/p>\n<blockquote><p><strong><a href=\"https:\/\/educacioncristianaalternativa.files.wordpress.com\/2016\/11\/conceptobiblicofamilia.pdf\">El concepto b\u00edblico de la familia, y sus implicaciones para la iglesia y la escuela<\/a>\u00a0 (PDF, 39 p\u00e1ginas)<\/strong><\/p><\/blockquote>\n","protected":false},"excerpt":{"rendered":"<p>Un llamado a la conciencia de todos los que se llaman cristianos. La familia ocupa un lugar central en el plan de Dios. La instituci\u00f3n divina de la familia es la clave para entender la voluntad de Dios en cuanto a la educaci\u00f3n, la estructura b\u00edblica de la iglesia, y la estructura de la sociedad [&hellip;]<\/p>\n","protected":false},"author":4,"featured_media":0,"parent":0,"menu_order":0,"comment_status":"open","ping_status":"open","template":"","meta":{"footnotes":""},"class_list":["post-238","page","type-page","status-publish","hentry"],"_links":{"self":[{"href":"https:\/\/homeschoolperu.com\/educacioncristianaalternativa\/wp-json\/wp\/v2\/pages\/238","targetHints":{"allow":["GET"]}}],"collection":[{"href":"https:\/\/homeschoolperu.com\/educacioncristianaalternativa\/wp-json\/wp\/v2\/pages"}],"about":[{"href":"https:\/\/homeschoolperu.com\/educacioncristianaalternativa\/wp-json\/wp\/v2\/types\/page"}],"author":[{"embeddable":true,"href":"https:\/\/homeschoolperu.com\/educacioncristianaalternativa\/wp-json\/wp\/v2\/users\/4"}],"replies":[{"embeddable":true,"href":"https:\/\/homeschoolperu.com\/educacioncristianaalternativa\/wp-json\/wp\/v2\/comments?post=238"}],"version-history":[{"count":0,"href":"https:\/\/homeschoolperu.com\/educacioncristianaalternativa\/wp-json\/wp\/v2\/pages\/238\/revisions"}],"wp:attachment":[{"href":"https:\/\/homeschoolperu.com\/educacioncristianaalternativa\/wp-json\/wp\/v2\/media?parent=238"}],"curies":[{"name":"wp","href":"https:\/\/api.w.org\/{rel}","templated":true}]}}