{"id":223,"date":"2013-07-27T13:10:14","date_gmt":"2013-07-27T18:10:14","guid":{"rendered":"http:\/\/educacioncristianaalternativa.wordpress.com\/?page_id=223"},"modified":"2013-07-27T13:10:14","modified_gmt":"2013-07-27T18:10:14","slug":"educacion-en-casa-una-alternativa-educativa-para-familias-dedicadas","status":"publish","type":"page","link":"https:\/\/homeschoolperu.com\/educacioncristianaalternativa\/educacion-en-casa-una-alternativa-educativa-para-familias-dedicadas\/","title":{"rendered":"Educaci\u00f3n en casa: una alternativa educativa para familias dedicadas"},"content":{"rendered":"<p>En los Estados Unidos se estima que m\u00e1s de tres millones de ni\u00f1os en edad escolar no asisten a ninguna escuela, porque sus padres los educan en casa. Se encontr\u00f3 que acad\u00e9micamente, los estudiantes educados en casa rinden en promedio mucho mejor que los que estudiaron en una escuela. Y no solo esto: tambi\u00e9n demostraron ser m\u00e1s sociables, y emocionalmente m\u00e1s estables. Donde se implementa de una buena manera, este modelo educativo combina de manera ideal las necesidades de los ni\u00f1os con el mandato b\u00edblico a los padres, de educar y ense\u00f1ar a sus hijos.<\/p>\n<p>Tambi\u00e9n en otros pa\u00edses, la educaci\u00f3n en familia est\u00e1 alzando vuelo \u2013 incluso en Am\u00e9rica Latina, aunque con unos a\u00f1os de retraso. Existen asociaciones de familias educadoras en M\u00e9xico, Colombia, Ecuador, Per\u00fa, Chile, Argentina, y posiblemente en otros pa\u00edses m\u00e1s.<\/p>\n<p>\u00bfPor qu\u00e9 deciden m\u00e1s y m\u00e1s padres educar a sus hijos en su propia familia? \u00bfC\u00f3mo es posible brindar a los hijos una educaci\u00f3n de igual o mejor calidad que en una escuela? \u00bfPuede esto ser una alternativa para m\u00ed? Si deseo educar a mis hijos en el hogar, \u00bfc\u00f3mo puedo comenzar?<\/p>\n<p>A estas y otras preguntas desea responder este escrito de manera breve.<\/p>\n<blockquote><p><strong><a href=\"https:\/\/educacioncristianaalternativa.files.wordpress.com\/2016\/11\/educacion-en-casa.pdf\">Educaci\u00f3n en casa: una alternativa educativa para familias dedicadas (PDF, 24 p\u00e1ginas)<\/a><br \/>\n<\/strong><\/p><\/blockquote>\n","protected":false},"excerpt":{"rendered":"<p>En los Estados Unidos se estima que m\u00e1s de tres millones de ni\u00f1os en edad escolar no asisten a ninguna escuela, porque sus padres los educan en casa. Se encontr\u00f3 que acad\u00e9micamente, los estudiantes educados en casa rinden en promedio mucho mejor que los que estudiaron en una escuela. Y no solo esto: tambi\u00e9n demostraron [&hellip;]<\/p>\n","protected":false},"author":4,"featured_media":0,"parent":0,"menu_order":0,"comment_status":"open","ping_status":"open","template":"","meta":{"footnotes":""},"class_list":["post-223","page","type-page","status-publish","hentry"],"_links":{"self":[{"href":"https:\/\/homeschoolperu.com\/educacioncristianaalternativa\/wp-json\/wp\/v2\/pages\/223","targetHints":{"allow":["GET"]}}],"collection":[{"href":"https:\/\/homeschoolperu.com\/educacioncristianaalternativa\/wp-json\/wp\/v2\/pages"}],"about":[{"href":"https:\/\/homeschoolperu.com\/educacioncristianaalternativa\/wp-json\/wp\/v2\/types\/page"}],"author":[{"embeddable":true,"href":"https:\/\/homeschoolperu.com\/educacioncristianaalternativa\/wp-json\/wp\/v2\/users\/4"}],"replies":[{"embeddable":true,"href":"https:\/\/homeschoolperu.com\/educacioncristianaalternativa\/wp-json\/wp\/v2\/comments?post=223"}],"version-history":[{"count":0,"href":"https:\/\/homeschoolperu.com\/educacioncristianaalternativa\/wp-json\/wp\/v2\/pages\/223\/revisions"}],"wp:attachment":[{"href":"https:\/\/homeschoolperu.com\/educacioncristianaalternativa\/wp-json\/wp\/v2\/media?parent=223"}],"curies":[{"name":"wp","href":"https:\/\/api.w.org\/{rel}","templated":true}]}}