{"id":217,"date":"2013-07-07T18:44:59","date_gmt":"2013-07-07T23:44:59","guid":{"rendered":"http:\/\/educacioncristianaalternativa.wordpress.com\/?page_id=217"},"modified":"2013-07-07T18:44:59","modified_gmt":"2013-07-07T23:44:59","slug":"manifiesto-pedagogico-cristiano-alternativo","status":"publish","type":"page","link":"https:\/\/homeschoolperu.com\/educacioncristianaalternativa\/manifiesto-pedagogico-cristiano-alternativo\/","title":{"rendered":"Manifiesto Pedag\u00f3gico Cristiano Alternativo"},"content":{"rendered":"<p style=\"text-align:left\">Una exposici\u00f3n de nuestro concepto pedag\u00f3gico. Creemos que cada familia cristiana que ama a sus hijos, debe desear una verdadera alternativa al sistema escolar existente &#8211; tanto por razones b\u00edblicas como pedag\u00f3gicas. Por tanto, proponemos una pedagog\u00eda cristiana alternativa tal como est\u00e1 descrita en este Manifiesto. Deseamos entrar en contacto con cristianos nacidos de nuevo que est\u00e9n del mismo sentir, para intercambiar ideas, animarnos mutuamente, y donde fuera posible tambi\u00e9n llegar a una colaboraci\u00f3n pr\u00e1ctica. Por favor lea este Manifiesto, y si usted desea implementar lo descrito all\u00ed, escr\u00edbanos.<br \/>\nAgradecemos tambi\u00e9n por todas las oraciones para que muchas familias puedan brindar a sus hijos una educaci\u00f3n conforme a los principios b\u00edblicos y a las necesidades de los ni\u00f1os.<\/p>\n<p style=\"text-align:center\"><strong><a href=\"https:\/\/educacioncristianaalternativa.files.wordpress.com\/2016\/11\/manifiesto-resumen.pdf\">Manifiesto Pedag\u00f3gico Cristiano Alternativo (Versi\u00f3n abreviada, PDF 52 p\u00e1ginas)<\/a><\/strong><\/p>\n<p style=\"text-align:center\"><strong><a href=\"https:\/\/educacioncristianaalternativa.files.wordpress.com\/2016\/11\/manifiesto-pegagogico-cristiano-alternativo.pdf\">Manifiesto Pedag\u00f3gico Cristiano Alternativo (Versi\u00f3n completa, PDF 180 p\u00e1ginas)<\/a><\/strong><\/p>\n<p style=\"text-align:left\"><em>NOTA: Este Manifiesto no es para crear debates p\u00fablicos; es para explicar nuestro concepto pedag\u00f3gico a las personas interesadas. Por tanto, los comentarios a este tema se considerar\u00e1n como mensajes personales y no ser\u00e1n publicados.<\/em><\/p>\n","protected":false},"excerpt":{"rendered":"<p>Una exposici\u00f3n de nuestro concepto pedag\u00f3gico. Creemos que cada familia cristiana que ama a sus hijos, debe desear una verdadera alternativa al sistema escolar existente &#8211; tanto por razones b\u00edblicas como pedag\u00f3gicas. Por tanto, proponemos una pedagog\u00eda cristiana alternativa tal como est\u00e1 descrita en este Manifiesto. Deseamos entrar en contacto con cristianos nacidos de nuevo [&hellip;]<\/p>\n","protected":false},"author":4,"featured_media":0,"parent":0,"menu_order":0,"comment_status":"open","ping_status":"open","template":"","meta":{"footnotes":""},"class_list":["post-217","page","type-page","status-publish","hentry"],"_links":{"self":[{"href":"https:\/\/homeschoolperu.com\/educacioncristianaalternativa\/wp-json\/wp\/v2\/pages\/217","targetHints":{"allow":["GET"]}}],"collection":[{"href":"https:\/\/homeschoolperu.com\/educacioncristianaalternativa\/wp-json\/wp\/v2\/pages"}],"about":[{"href":"https:\/\/homeschoolperu.com\/educacioncristianaalternativa\/wp-json\/wp\/v2\/types\/page"}],"author":[{"embeddable":true,"href":"https:\/\/homeschoolperu.com\/educacioncristianaalternativa\/wp-json\/wp\/v2\/users\/4"}],"replies":[{"embeddable":true,"href":"https:\/\/homeschoolperu.com\/educacioncristianaalternativa\/wp-json\/wp\/v2\/comments?post=217"}],"version-history":[{"count":0,"href":"https:\/\/homeschoolperu.com\/educacioncristianaalternativa\/wp-json\/wp\/v2\/pages\/217\/revisions"}],"wp:attachment":[{"href":"https:\/\/homeschoolperu.com\/educacioncristianaalternativa\/wp-json\/wp\/v2\/media?parent=217"}],"curies":[{"name":"wp","href":"https:\/\/api.w.org\/{rel}","templated":true}]}}